{"id":269,"date":"2024-08-14T00:28:51","date_gmt":"2024-08-13T22:28:51","guid":{"rendered":"https:\/\/staging.aikido-zaltbommel.nl\/?page_id=269"},"modified":"2025-07-25T22:03:24","modified_gmt":"2025-07-25T20:03:24","slug":"aikido-trainers","status":"publish","type":"page","link":"https:\/\/staging.aikido-zaltbommel.nl\/de\/aikido-trainers\/","title":{"rendered":"Aikido-Trainer"},"content":{"rendered":"<div data-elementor-type=\"wp-page\" data-elementor-id=\"269\" class=\"elementor elementor-269\" data-elementor-post-type=\"page\">\n\t\t\t\t<div class=\"elementor-element elementor-element-169729b4 e-flex e-con-boxed e-con e-parent\" data-id=\"169729b4\" data-element_type=\"container\">\n\t\t\t\t\t<div class=\"e-con-inner\">\n\t\t\t\t<div class=\"elementor-element elementor-element-60a61f9b elementor-widget elementor-widget-heading\" data-id=\"60a61f9b\" data-element_type=\"widget\" data-widget_type=\"heading.default\">\n\t\t\t\t<div class=\"elementor-widget-container\">\n\t\t\t\t\t<h2 class=\"elementor-heading-title elementor-size-default\">Sensei Edo und Anne Slui<\/h2>\t\t\t\t<\/div>\n\t\t\t\t<\/div>\n\t\t\t\t<div class=\"elementor-element elementor-element-6f9cd69 elementor-widget elementor-widget-text-editor\" data-id=\"6f9cd69\" data-element_type=\"widget\" data-widget_type=\"text-editor.default\">\n\t\t\t\t<div class=\"elementor-widget-container\">\n\t\t\t\t\t\t\t\t\t<p><b>Die Aikido-Schule Ando gibt es schon seit mehr als 20 Jahren. Mit dabei sind Dojo-cho (Cheftrainer) Sensei Edo und Anne. Im Folgenden stellen sie sich kurz vor, gefolgt von allen anderen Ausbildern, denen Sie auf der Matte begegnen werden. Sowohl als Lehrer als auch als Sch\u00fcler. (Denn wie Sensei Edo und Anne lernt auch ein Trainer nie aus).<\/b><\/p>\t\t\t\t\t\t\t\t<\/div>\n\t\t\t\t<\/div>\n\t\t\t\t<div class=\"elementor-element elementor-element-202b2583 elementor-widget elementor-widget-text-editor\" data-id=\"202b2583\" data-element_type=\"widget\" data-widget_type=\"text-editor.default\">\n\t\t\t\t<div class=\"elementor-widget-container\">\n\t\t\t\t\t\t\t\t\t<p>Auf unserer Website k\u00f6nnen Sie bereits viel \u00fcber uns erfahren. Im Folgenden erz\u00e4hlen wir Ihnen ein wenig mehr \u00fcber uns und was uns antreibt. <strong>Edo<\/strong> hat sein Hobby zum Beruf gemacht. Er ist ein <strong>wirklich 'kreativ'<\/strong>mit Ando Dojo als sein Spielplatz. Zum Beispiel haben mehrere Aikido-Shirts aus dem \u00c4rmel gerollt (und pers\u00f6nlich gedruckt), sondern hat auch eine <a href=\"https:\/\/aikido-ando.nl\/aikido-kinderboeken\/\" target=\"_blank\" rel=\"noopener\">Aikido-Kinderbuch<\/a> zu seinem Namen. Alles, was gestaltet oder kreativ auf eine neue Ebene gebracht werden kann, macht ihn gl\u00fccklich.<\/p><p><strong>Anne<\/strong>Neben meiner Leidenschaft f\u00fcr Aikido und andere Budosportarten, die ich seit mehreren Jahren aus\u00fcbe, besch\u00e4ftige ich mich mit lebenslangen <strong>Lernen und Entwicklung<\/strong>. Ich habe mich schon immer f\u00fcr die Menschheit und ihre Aufgabe auf der Erde interessiert. Aber auch die Interpretation, die wir ihr geben, die Systeme, die wir uns ausdenken und die Entwicklungen, die wir erleben. Dazu nutze ich meine Professur, um diese Themen erforschen und Wissen vermitteln zu d\u00fcrfen. Mein Studium der Betriebswirtschaftslehre (im Sportbereich), mein Lehramtsstudium der Allgemeinen Volkswirtschaftslehre und jetzt mein Master in Managementwissenschaften geben mir die Grundlage, die Welt aus westlicher Sicht besser zu verstehen. Dies zusammen mit dem Wissen aus dem Aikido, der \u00f6stlichen Philosophie, gibt mir das Gef\u00fchl einer ausgewogenen Lebensperspektive. In meinem Aikido-Unterricht gehe ich auf verschiedene Themen ein, die f\u00fcr die Entwicklung auf und neben der Matte relevant sind. Wenn Sie mehr \u00fcber uns erfahren m\u00f6chten, h\u00f6ren Sie sich unsere <a href=\"https:\/\/open.spotify.com\/show\/6pOw3PYSgc9lK3upG8GlGw?si=9194876ec9eb4390\" target=\"_blank\" rel=\"noopener\">Aikido-Podcast<\/a>. Recentelijk kwam sensei Anne in het nieuws doordat zij les heeft mogen geven in Montreal. Lees het <a href=\"https:\/\/www.ed.nl\/eindhoven\/aikidoka-anne-slui-op-prestigieus-internationaal-event-we-willen-de-sport-dichter-bij-de-mensen-brengen~ab97a1f5\/?referrer=https%3A%2F%2Fwww.google.com%2F\" target=\"_blank\" rel=\"noopener\">Aikido krantenartikel<\/a> of bekijk het <a href=\"https:\/\/www.bommelerwaardgids.nl\/sportnieuws\/sportnieuws\/19379\/sensei-anne-slui-zet-zaltbommel-op-de-kaart\" target=\"_blank\" rel=\"noopener\">artikel hier<\/a>.<\/p>\t\t\t\t\t\t\t\t<\/div>\n\t\t\t\t<\/div>\n\t\t\t\t\t<\/div>\n\t\t\t\t<\/div>\n\t\t<div class=\"elementor-element elementor-element-26e980a e-flex e-con-boxed e-con e-parent\" data-id=\"26e980a\" data-element_type=\"container\" data-settings=\"{&quot;motion_fx_motion_fx_scrolling&quot;:&quot;yes&quot;,&quot;motion_fx_translateY_effect&quot;:&quot;yes&quot;,&quot;motion_fx_scale_effect&quot;:&quot;yes&quot;,&quot;motion_fx_scale_speed&quot;:{&quot;unit&quot;:&quot;px&quot;,&quot;size&quot;:3,&quot;sizes&quot;:[]},&quot;motion_fx_translateY_speed&quot;:{&quot;unit&quot;:&quot;px&quot;,&quot;size&quot;:4,&quot;sizes&quot;:[]},&quot;motion_fx_translateY_affectedRange&quot;:{&quot;unit&quot;:&quot;%&quot;,&quot;size&quot;:&quot;&quot;,&quot;sizes&quot;:{&quot;start&quot;:0,&quot;end&quot;:100}},&quot;motion_fx_scale_direction&quot;:&quot;out-in&quot;,&quot;motion_fx_scale_range&quot;:{&quot;unit&quot;:&quot;%&quot;,&quot;size&quot;:&quot;&quot;,&quot;sizes&quot;:{&quot;start&quot;:20,&quot;end&quot;:80}},&quot;motion_fx_devices&quot;:[&quot;desktop&quot;,&quot;tablet&quot;,&quot;mobile&quot;]}\">\n\t\t\t\t\t<div class=\"e-con-inner\">\n\t\t\t\t<div class=\"elementor-element elementor-element-dfc32cc elementor-widget elementor-widget-image\" data-id=\"dfc32cc\" data-element_type=\"widget\" data-widget_type=\"image.default\">\n\t\t\t\t<div class=\"elementor-widget-container\">\n\t\t\t\t\t\t\t\t\t\t\t\t\t\t\t<img fetchpriority=\"high\" decoding=\"async\" width=\"1200\" height=\"800\" src=\"https:\/\/staging.aikido-zaltbommel.nl\/wp-content\/uploads\/AikidoTrainers.webp\" class=\"attachment-large size-large wp-image-272\" alt=\"Sensei Anne en Edo, hoofdtrainers bij Ando dojo\" srcset=\"https:\/\/staging.aikido-zaltbommel.nl\/wp-content\/uploads\/AikidoTrainers.webp 1200w, https:\/\/staging.aikido-zaltbommel.nl\/wp-content\/uploads\/AikidoTrainers-768x512.webp 768w\" sizes=\"(max-width: 1200px) 100vw, 1200px\" \/>\t\t\t\t\t\t\t\t\t\t\t\t\t\t\t<\/div>\n\t\t\t\t<\/div>\n\t\t\t\t\t<\/div>\n\t\t\t\t<\/div>\n\t\t\t\t<\/div>","protected":false},"excerpt":{"rendered":"<p>Sensei Edo en Anne Slui Aikido school Ando bestaat al meer dan 20 jaar. Daarbij zijn de Dojo-cho (hoofdtrainers) sensei Edo en Anne. Hieronder stellen zij zichzelf even kort voor, gevolgd door alle andere trainers die je zal tegenkomen op de mat. Zowel als docent als leerling. (Want ook net als sensei Edo en Anne, [&hellip;]<\/p>","protected":false},"author":1,"featured_media":1658,"parent":0,"menu_order":0,"comment_status":"closed","ping_status":"closed","template":"elementor_header_footer","meta":{"footnotes":""},"class_list":["post-269","page","type-page","status-publish","has-post-thumbnail","hentry"],"yoast_head":"<!-- This site is optimized with the Yoast SEO Premium plugin v25.3.1 (Yoast SEO v25.3.1) - https:\/\/yoast.com\/wordpress\/plugins\/seo\/ -->\n<title>Aikido trainers - Aikido Zaltbommel<\/title>\n<meta name=\"description\" content=\"Maak kennis met de gecertificeerde Aikido trainers van Ando. Sensei Edo en Anne Slui, 5e dan Aikikai, bieden hoogwaardige trainingen.\" \/>\n<meta name=\"robots\" content=\"index, follow, max-snippet:-1, max-image-preview:large, max-video-preview:-1\" \/>\n<link rel=\"canonical\" href=\"https:\/\/staging.aikido-zaltbommel.nl\/de\/aikido-trainers\/\" \/>\n<meta property=\"og:locale\" content=\"de_DE\" \/>\n<meta property=\"og:type\" content=\"article\" \/>\n<meta property=\"og:title\" content=\"Aikido trainers\" \/>\n<meta property=\"og:description\" content=\"Maak kennis met de gecertificeerde Aikido trainers van Ando. Sensei Edo en Anne Slui, 5e dan Aikikai, bieden hoogwaardige trainingen.\" \/>\n<meta property=\"og:url\" content=\"https:\/\/staging.aikido-zaltbommel.nl\/de\/aikido-trainers\/\" \/>\n<meta property=\"og:site_name\" content=\"Aikido Zaltbommel\" \/>\n<meta property=\"article:publisher\" content=\"https:\/\/www.facebook.com\/andoaikido\" \/>\n<meta property=\"article:modified_time\" content=\"2025-07-25T20:03:24+00:00\" \/>\n<meta property=\"og:image\" content=\"https:\/\/staging.aikido-zaltbommel.nl\/wp-content\/uploads\/Edo_Slui_Sensei_MartialArts_Aikido_BJJ_Zaltbommel_Anne_Slui_Ando_Dojo.webp\" \/>\n\t<meta property=\"og:image:width\" content=\"1920\" \/>\n\t<meta property=\"og:image:height\" content=\"600\" \/>\n\t<meta property=\"og:image:type\" content=\"image\/webp\" \/>\n<meta name=\"twitter:card\" content=\"summary_large_image\" \/>\n<meta name=\"twitter:label1\" content=\"Gesch\u00e4tzte Lesezeit\" \/>\n\t<meta name=\"twitter:data1\" content=\"2\u00a0Minuten\" \/>\n<script type=\"application\/ld+json\" class=\"yoast-schema-graph\">{\"@context\":\"https:\/\/schema.org\",\"@graph\":[{\"@type\":\"WebPage\",\"@id\":\"https:\/\/staging.aikido-zaltbommel.nl\/aikido-trainers\/\",\"url\":\"https:\/\/staging.aikido-zaltbommel.nl\/aikido-trainers\/\",\"name\":\"Aikido trainers - Aikido Zaltbommel\",\"isPartOf\":{\"@id\":\"https:\/\/staging.aikido-zaltbommel.nl\/#website\"},\"primaryImageOfPage\":{\"@id\":\"https:\/\/staging.aikido-zaltbommel.nl\/aikido-trainers\/#primaryimage\"},\"image\":{\"@id\":\"https:\/\/staging.aikido-zaltbommel.nl\/aikido-trainers\/#primaryimage\"},\"thumbnailUrl\":\"https:\/\/staging.aikido-zaltbommel.nl\/wp-content\/uploads\/Edo_Slui_Sensei_MartialArts_Aikido_BJJ_Zaltbommel_Anne_Slui_Ando_Dojo.webp\",\"datePublished\":\"2024-08-13T22:28:51+00:00\",\"dateModified\":\"2025-07-25T20:03:24+00:00\",\"description\":\"Maak kennis met de gecertificeerde Aikido trainers van Ando. Sensei Edo en Anne Slui, 5e dan Aikikai, bieden hoogwaardige trainingen.\",\"breadcrumb\":{\"@id\":\"https:\/\/staging.aikido-zaltbommel.nl\/aikido-trainers\/#breadcrumb\"},\"inLanguage\":\"de\",\"potentialAction\":[{\"@type\":\"ReadAction\",\"target\":[\"https:\/\/staging.aikido-zaltbommel.nl\/aikido-trainers\/\"]}]},{\"@type\":\"ImageObject\",\"inLanguage\":\"de\",\"@id\":\"https:\/\/staging.aikido-zaltbommel.nl\/aikido-trainers\/#primaryimage\",\"url\":\"https:\/\/staging.aikido-zaltbommel.nl\/wp-content\/uploads\/Edo_Slui_Sensei_MartialArts_Aikido_BJJ_Zaltbommel_Anne_Slui_Ando_Dojo.webp\",\"contentUrl\":\"https:\/\/staging.aikido-zaltbommel.nl\/wp-content\/uploads\/Edo_Slui_Sensei_MartialArts_Aikido_BJJ_Zaltbommel_Anne_Slui_Ando_Dojo.webp\",\"width\":1920,\"height\":600,\"caption\":\"Sensei Edo werpt Anne Slui buiten in de natuur, deze demonstratie in de duinen zorgt voor een idyllisch beeld.\"},{\"@type\":\"BreadcrumbList\",\"@id\":\"https:\/\/staging.aikido-zaltbommel.nl\/aikido-trainers\/#breadcrumb\",\"itemListElement\":[{\"@type\":\"ListItem\",\"position\":1,\"name\":\"Home\",\"item\":\"https:\/\/staging.aikido-zaltbommel.nl\/\"},{\"@type\":\"ListItem\",\"position\":2,\"name\":\"Aikido trainers\"}]},{\"@type\":\"WebSite\",\"@id\":\"https:\/\/staging.aikido-zaltbommel.nl\/#website\",\"url\":\"https:\/\/staging.aikido-zaltbommel.nl\/\",\"name\":\"Aikido Ando\",\"description\":\"\",\"publisher\":{\"@id\":\"https:\/\/staging.aikido-zaltbommel.nl\/#organization\"},\"potentialAction\":[{\"@type\":\"SearchAction\",\"target\":{\"@type\":\"EntryPoint\",\"urlTemplate\":\"https:\/\/staging.aikido-zaltbommel.nl\/?s={search_term_string}\"},\"query-input\":{\"@type\":\"PropertyValueSpecification\",\"valueRequired\":true,\"valueName\":\"search_term_string\"}}],\"inLanguage\":\"de\"},{\"@type\":\"Organization\",\"@id\":\"https:\/\/staging.aikido-zaltbommel.nl\/#organization\",\"name\":\"Aikido Ando\",\"url\":\"https:\/\/staging.aikido-zaltbommel.nl\/\",\"logo\":{\"@type\":\"ImageObject\",\"inLanguage\":\"de\",\"@id\":\"https:\/\/staging.aikido-zaltbommel.nl\/#\/schema\/logo\/image\/\",\"url\":\"https:\/\/staging.aikido-zaltbommel.nl\/wp-content\/uploads\/Logo.webp\",\"contentUrl\":\"https:\/\/staging.aikido-zaltbommel.nl\/wp-content\/uploads\/Logo.webp\",\"width\":500,\"height\":500,\"caption\":\"Aikido Ando\"},\"image\":{\"@id\":\"https:\/\/staging.aikido-zaltbommel.nl\/#\/schema\/logo\/image\/\"},\"sameAs\":[\"https:\/\/www.facebook.com\/andoaikido\",\"https:\/\/www.instagram.com\/andoaikido\/\",\"https:\/\/www.tiktok.com\/404?fromUrl=\/andoaikido\",\"https:\/\/www.linkedin.com\/company\/andoaikido?originalSubdomain=nl\"]}]}<\/script>\n<!-- \/ Yoast SEO Premium plugin. -->","yoast_head_json":{"title":"Aikido trainers - Aikido Zaltbommel","description":"Maak kennis met de gecertificeerde Aikido trainers van Ando. Sensei Edo en Anne Slui, 5e dan Aikikai, bieden hoogwaardige trainingen.","robots":{"index":"index","follow":"follow","max-snippet":"max-snippet:-1","max-image-preview":"max-image-preview:large","max-video-preview":"max-video-preview:-1"},"canonical":"https:\/\/staging.aikido-zaltbommel.nl\/de\/aikido-trainers\/","og_locale":"de_DE","og_type":"article","og_title":"Aikido trainers","og_description":"Maak kennis met de gecertificeerde Aikido trainers van Ando. Sensei Edo en Anne Slui, 5e dan Aikikai, bieden hoogwaardige trainingen.","og_url":"https:\/\/staging.aikido-zaltbommel.nl\/de\/aikido-trainers\/","og_site_name":"Aikido Zaltbommel","article_publisher":"https:\/\/www.facebook.com\/andoaikido","article_modified_time":"2025-07-25T20:03:24+00:00","og_image":[{"width":1920,"height":600,"url":"https:\/\/staging.aikido-zaltbommel.nl\/wp-content\/uploads\/Edo_Slui_Sensei_MartialArts_Aikido_BJJ_Zaltbommel_Anne_Slui_Ando_Dojo.webp","type":"image\/webp"}],"twitter_card":"summary_large_image","twitter_misc":{"Gesch\u00e4tzte Lesezeit":"2\u00a0Minuten"},"schema":{"@context":"https:\/\/schema.org","@graph":[{"@type":"WebPage","@id":"https:\/\/staging.aikido-zaltbommel.nl\/aikido-trainers\/","url":"https:\/\/staging.aikido-zaltbommel.nl\/aikido-trainers\/","name":"Aikido trainers - Aikido Zaltbommel","isPartOf":{"@id":"https:\/\/staging.aikido-zaltbommel.nl\/#website"},"primaryImageOfPage":{"@id":"https:\/\/staging.aikido-zaltbommel.nl\/aikido-trainers\/#primaryimage"},"image":{"@id":"https:\/\/staging.aikido-zaltbommel.nl\/aikido-trainers\/#primaryimage"},"thumbnailUrl":"https:\/\/staging.aikido-zaltbommel.nl\/wp-content\/uploads\/Edo_Slui_Sensei_MartialArts_Aikido_BJJ_Zaltbommel_Anne_Slui_Ando_Dojo.webp","datePublished":"2024-08-13T22:28:51+00:00","dateModified":"2025-07-25T20:03:24+00:00","description":"Maak kennis met de gecertificeerde Aikido trainers van Ando. Sensei Edo en Anne Slui, 5e dan Aikikai, bieden hoogwaardige trainingen.","breadcrumb":{"@id":"https:\/\/staging.aikido-zaltbommel.nl\/aikido-trainers\/#breadcrumb"},"inLanguage":"de","potentialAction":[{"@type":"ReadAction","target":["https:\/\/staging.aikido-zaltbommel.nl\/aikido-trainers\/"]}]},{"@type":"ImageObject","inLanguage":"de","@id":"https:\/\/staging.aikido-zaltbommel.nl\/aikido-trainers\/#primaryimage","url":"https:\/\/staging.aikido-zaltbommel.nl\/wp-content\/uploads\/Edo_Slui_Sensei_MartialArts_Aikido_BJJ_Zaltbommel_Anne_Slui_Ando_Dojo.webp","contentUrl":"https:\/\/staging.aikido-zaltbommel.nl\/wp-content\/uploads\/Edo_Slui_Sensei_MartialArts_Aikido_BJJ_Zaltbommel_Anne_Slui_Ando_Dojo.webp","width":1920,"height":600,"caption":"Sensei Edo werpt Anne Slui buiten in de natuur, deze demonstratie in de duinen zorgt voor een idyllisch beeld."},{"@type":"BreadcrumbList","@id":"https:\/\/staging.aikido-zaltbommel.nl\/aikido-trainers\/#breadcrumb","itemListElement":[{"@type":"ListItem","position":1,"name":"Home","item":"https:\/\/staging.aikido-zaltbommel.nl\/"},{"@type":"ListItem","position":2,"name":"Aikido trainers"}]},{"@type":"WebSite","@id":"https:\/\/staging.aikido-zaltbommel.nl\/#website","url":"https:\/\/staging.aikido-zaltbommel.nl\/","name":"Aikido Ando","description":"","publisher":{"@id":"https:\/\/staging.aikido-zaltbommel.nl\/#organization"},"potentialAction":[{"@type":"SearchAction","target":{"@type":"EntryPoint","urlTemplate":"https:\/\/staging.aikido-zaltbommel.nl\/?s={search_term_string}"},"query-input":{"@type":"PropertyValueSpecification","valueRequired":true,"valueName":"search_term_string"}}],"inLanguage":"de"},{"@type":"Organization","@id":"https:\/\/staging.aikido-zaltbommel.nl\/#organization","name":"Aikido Ando","url":"https:\/\/staging.aikido-zaltbommel.nl\/","logo":{"@type":"ImageObject","inLanguage":"de","@id":"https:\/\/staging.aikido-zaltbommel.nl\/#\/schema\/logo\/image\/","url":"https:\/\/staging.aikido-zaltbommel.nl\/wp-content\/uploads\/Logo.webp","contentUrl":"https:\/\/staging.aikido-zaltbommel.nl\/wp-content\/uploads\/Logo.webp","width":500,"height":500,"caption":"Aikido Ando"},"image":{"@id":"https:\/\/staging.aikido-zaltbommel.nl\/#\/schema\/logo\/image\/"},"sameAs":["https:\/\/www.facebook.com\/andoaikido","https:\/\/www.instagram.com\/andoaikido\/","https:\/\/www.tiktok.com\/404?fromUrl=\/andoaikido","https:\/\/www.linkedin.com\/company\/andoaikido?originalSubdomain=nl"]}]}},"_links":{"self":[{"href":"https:\/\/staging.aikido-zaltbommel.nl\/de\/wp-json\/wp\/v2\/pages\/269","targetHints":{"allow":["GET"]}}],"collection":[{"href":"https:\/\/staging.aikido-zaltbommel.nl\/de\/wp-json\/wp\/v2\/pages"}],"about":[{"href":"https:\/\/staging.aikido-zaltbommel.nl\/de\/wp-json\/wp\/v2\/types\/page"}],"author":[{"embeddable":true,"href":"https:\/\/staging.aikido-zaltbommel.nl\/de\/wp-json\/wp\/v2\/users\/1"}],"replies":[{"embeddable":true,"href":"https:\/\/staging.aikido-zaltbommel.nl\/de\/wp-json\/wp\/v2\/comments?post=269"}],"version-history":[{"count":12,"href":"https:\/\/staging.aikido-zaltbommel.nl\/de\/wp-json\/wp\/v2\/pages\/269\/revisions"}],"predecessor-version":[{"id":3597,"href":"https:\/\/staging.aikido-zaltbommel.nl\/de\/wp-json\/wp\/v2\/pages\/269\/revisions\/3597"}],"wp:featuredmedia":[{"embeddable":true,"href":"https:\/\/staging.aikido-zaltbommel.nl\/de\/wp-json\/wp\/v2\/media\/1658"}],"wp:attachment":[{"href":"https:\/\/staging.aikido-zaltbommel.nl\/de\/wp-json\/wp\/v2\/media?parent=269"}],"curies":[{"name":"wp","href":"https:\/\/api.w.org\/{rel}","templated":true}]}}